{"id":183,"date":"2022-02-07T14:19:01","date_gmt":"2022-02-07T13:19:01","guid":{"rendered":"https:\/\/dan-car.dk\/?page_id=183"},"modified":"2022-02-07T14:21:32","modified_gmt":"2022-02-07T13:21:32","slug":"vaerksteds-info","status":"publish","type":"page","link":"https:\/\/dan-car.dk\/?page_id=183","title":{"rendered":"Om V\u00e6rkstedet"},"content":{"rendered":"\n<p>Dan-Car er et moderne v\u00e6rksted i Viborg der udf\u00f8rer en masse forskellige autoreparationer som f.eks<\/p>\n\n\n\n<ul class=\"wp-block-list\"><li>Bremser<\/li><li>D\u00e6k<\/li><li>Udst\u00f8dning<\/li><li>Synsklarg\u00f8ring<\/li><li>Mekanisk Arbejde<\/li><li>Fejlfinding<\/li><li>Sporing<\/li><li>Aircondition<\/li><li>Forsikringsskader<\/li><\/ul>\n\n\n\n<p>Vi arbejder altid p\u00e5 at have kort ventetid p\u00e5 v\u00e6rkstedet, men skulle din bil kr\u00e6ve en st\u00f8rer omgang stiller vi naturligvis en l\u00e5nebil til r\u00e5dighed<\/p>\n\n\n\n<h2 class=\"wp-block-heading\" id=\"bevar-din-fabriksgaranti\">Bevar din fabriksgaranti<\/h2>\n\n\n\n<p>Hvis du har k\u00f8bt en ny bil kan du roligt f\u00e5 den serviceret ved os og stadig beholde din farbriksgaranti, vi servicere bilen efter fabrikantens forskrifter og bruger reservedele af Oe kvalitet og derved opretholder du din fabriksgaranti<\/p>\n","protected":false},"excerpt":{"rendered":"<p>Dan-Car er et moderne v\u00e6rksted i Viborg der udf\u00f8rer en masse forskellige autoreparationer som f.eks Bremser D\u00e6k Udst\u00f8dning Synsklarg\u00f8ring Mekanisk Arbejde Fejlfinding Sporing Aircondition Forsikringsskader Vi arbejder altid p\u00e5 at have kort ventetid p\u00e5 v\u00e6rkstedet, men skulle din bil kr\u00e6ve en st\u00f8rer omgang stiller vi naturligvis en l\u00e5nebil til r\u00e5dighed Bevar din fabriksgaranti Hvis du&hellip; <br \/> <a class=\"read-more\" href=\"https:\/\/dan-car.dk\/?page_id=183\">L\u00e6s mere<\/a><\/p>\n","protected":false},"author":1,"featured_media":0,"parent":0,"menu_order":0,"comment_status":"closed","ping_status":"closed","template":"","meta":{"footnotes":""},"class_list":["post-183","page","type-page","status-publish","hentry"],"_links":{"self":[{"href":"https:\/\/dan-car.dk\/index.php?rest_route=\/wp\/v2\/pages\/183","targetHints":{"allow":["GET"]}}],"collection":[{"href":"https:\/\/dan-car.dk\/index.php?rest_route=\/wp\/v2\/pages"}],"about":[{"href":"https:\/\/dan-car.dk\/index.php?rest_route=\/wp\/v2\/types\/page"}],"author":[{"embeddable":true,"href":"https:\/\/dan-car.dk\/index.php?rest_route=\/wp\/v2\/users\/1"}],"replies":[{"embeddable":true,"href":"https:\/\/dan-car.dk\/index.php?rest_route=%2Fwp%2Fv2%2Fcomments&post=183"}],"version-history":[{"count":7,"href":"https:\/\/dan-car.dk\/index.php?rest_route=\/wp\/v2\/pages\/183\/revisions"}],"predecessor-version":[{"id":200,"href":"https:\/\/dan-car.dk\/index.php?rest_route=\/wp\/v2\/pages\/183\/revisions\/200"}],"wp:attachment":[{"href":"https:\/\/dan-car.dk\/index.php?rest_route=%2Fwp%2Fv2%2Fmedia&parent=183"}],"curies":[{"name":"wp","href":"https:\/\/api.w.org\/{rel}","templated":true}]}}