{"id":65,"date":"2021-05-14T15:31:53","date_gmt":"2021-05-14T13:31:53","guid":{"rendered":"https:\/\/dan-car.dk\/?page_id=65"},"modified":"2021-05-27T09:52:03","modified_gmt":"2021-05-27T07:52:03","slug":"siger-din-bil-en-maerkelig-lyd","status":"publish","type":"page","link":"https:\/\/dan-car.dk\/?page_id=65","title":{"rendered":"Service"},"content":{"rendered":"\n<p>Er din bil for\u00e5rsklar?<\/p>\n\n\n\n<p>Det er vigtigt at overholde bilens serviceintervaller for at undg\u00e5 dyre nedbrud.<\/p>\n\n\n\n<p>Vi servicerer og reparerer altid din bil efter bilfabrikantens forskrifter og anvender reservedele af samme kvalitet, som bilen er leveret med fra fabrikken.<\/p>\n\n\n\n<p>Du kan med tryghed f\u00e5 serviceret eller repareret din bil hos os! Bare ring pr\u00e6cis n\u00e5r det passer dig. Og helst i dag.<\/p>\n","protected":false},"excerpt":{"rendered":"<p>Er din bil for\u00e5rsklar? Det er vigtigt at overholde bilens serviceintervaller for at undg\u00e5 dyre nedbrud. Vi servicerer og reparerer altid din bil efter bilfabrikantens forskrifter og anvender reservedele af samme kvalitet, som bilen er leveret med fra fabrikken. Du kan med tryghed f\u00e5 serviceret eller repareret din bil hos os! Bare ring pr\u00e6cis n\u00e5r&hellip; <br \/> <a class=\"read-more\" href=\"https:\/\/dan-car.dk\/?page_id=65\">L\u00e6s mere<\/a><\/p>\n","protected":false},"author":1,"featured_media":0,"parent":0,"menu_order":0,"comment_status":"closed","ping_status":"closed","template":"","meta":{"footnotes":""},"class_list":["post-65","page","type-page","status-publish","hentry"],"_links":{"self":[{"href":"https:\/\/dan-car.dk\/index.php?rest_route=\/wp\/v2\/pages\/65","targetHints":{"allow":["GET"]}}],"collection":[{"href":"https:\/\/dan-car.dk\/index.php?rest_route=\/wp\/v2\/pages"}],"about":[{"href":"https:\/\/dan-car.dk\/index.php?rest_route=\/wp\/v2\/types\/page"}],"author":[{"embeddable":true,"href":"https:\/\/dan-car.dk\/index.php?rest_route=\/wp\/v2\/users\/1"}],"replies":[{"embeddable":true,"href":"https:\/\/dan-car.dk\/index.php?rest_route=%2Fwp%2Fv2%2Fcomments&post=65"}],"version-history":[{"count":4,"href":"https:\/\/dan-car.dk\/index.php?rest_route=\/wp\/v2\/pages\/65\/revisions"}],"predecessor-version":[{"id":102,"href":"https:\/\/dan-car.dk\/index.php?rest_route=\/wp\/v2\/pages\/65\/revisions\/102"}],"wp:attachment":[{"href":"https:\/\/dan-car.dk\/index.php?rest_route=%2Fwp%2Fv2%2Fmedia&parent=65"}],"curies":[{"name":"wp","href":"https:\/\/api.w.org\/{rel}","templated":true}]}}